{"id":2983,"date":"2019-01-03T18:42:00","date_gmt":"2019-01-03T17:42:00","guid":{"rendered":"https:\/\/recalo.com\/\/haftungsausschluss\/"},"modified":"2026-01-30T08:19:14","modified_gmt":"2026-01-30T07:19:14","slug":"sorumluluk-reddi-beyani","status":"publish","type":"page","link":"https:\/\/recalo.com\/tr\/sorumluluk-reddi-beyani\/","title":{"rendered":"Sorumluluk Reddi Beyan\u0131"},"content":{"rendered":"[vc_row type=&#8221;full_width_background&#8221; full_screen_row_position=&#8221;middle&#8221; column_margin=&#8221;default&#8221; column_direction=&#8221;default&#8221; column_direction_tablet=&#8221;default&#8221; column_direction_phone=&#8221;default&#8221; bg_color=&#8221;#003b55&#8243; scene_position=&#8221;center&#8221; text_color=&#8221;light&#8221; text_align=&#8221;center&#8221; row_border_radius=&#8221;none&#8221; row_border_radius_applies=&#8221;bg&#8221; overflow=&#8221;visible&#8221; color_overlay=&#8221;#000000&#8243; overlay_strength=&#8221;0.3&#8243; gradient_direction=&#8221;left_to_right&#8221; shape_divider_position=&#8221;bottom&#8221; shape_divider_height=&#8221;200&#8243; bg_image_animation=&#8221;zoom-out-slow&#8221; parallax_bg=&#8221;true&#8221; parallax_bg_speed=&#8221;fast&#8221; shape_type=&#8221;tilt_alt&#8221; gradient_type=&#8221;default&#8221;][vc_column column_padding=&#8221;no-extra-padding&#8221; column_padding_tablet=&#8221;inherit&#8221; column_padding_phone=&#8221;inherit&#8221; column_padding_position=&#8221;all&#8221; top_margin=&#8221;20%&#8221; bottom_margin=&#8221;20%&#8221; column_element_direction_desktop=&#8221;default&#8221; column_element_spacing=&#8221;default&#8221; desktop_text_alignment=&#8221;default&#8221; tablet_text_alignment=&#8221;default&#8221; phone_text_alignment=&#8221;default&#8221; background_color_opacity=&#8221;1&#8243; background_hover_color_opacity=&#8221;1&#8243; column_backdrop_filter=&#8221;none&#8221; column_shadow=&#8221;none&#8221; column_border_radius=&#8221;none&#8221; column_link_target=&#8221;_self&#8221; column_position=&#8221;default&#8221; gradient_direction=&#8221;left_to_right&#8221; overlay_strength=&#8221;0.3&#8243; width=&#8221;1\/1&#8243; tablet_width_inherit=&#8221;default&#8221; animation_type=&#8221;default&#8221; bg_image_animation=&#8221;none&#8221; border_type=&#8221;simple&#8221; column_border_width=&#8221;none&#8221; column_border_style=&#8221;solid&#8221;][vc_column_text]\n<h5>RECALO GmbH<\/h5>\n[\/vc_column_text][vc_column_text]\n<h1>Sorumluluk Reddi Beyan\u0131<\/h1>\n[\/vc_column_text][\/vc_column][\/vc_row][vc_row type=&#8221;in_container&#8221; full_screen_row_position=&#8221;middle&#8221; column_margin=&#8221;default&#8221; column_direction=&#8221;default&#8221; column_direction_tablet=&#8221;default&#8221; column_direction_phone=&#8221;default&#8221; scene_position=&#8221;center&#8221; top_padding=&#8221;5%&#8221; bottom_padding=&#8221;5%&#8221; text_color=&#8221;dark&#8221; text_align=&#8221;left&#8221; row_border_radius=&#8221;none&#8221; row_border_radius_applies=&#8221;bg&#8221; overflow=&#8221;visible&#8221; overlay_strength=&#8221;0.3&#8243; gradient_direction=&#8221;left_to_right&#8221; shape_divider_position=&#8221;bottom&#8221; bg_image_animation=&#8221;none&#8221; shape_type=&#8221;&#8221;][vc_column column_padding=&#8221;no-extra-padding&#8221; column_padding_tablet=&#8221;inherit&#8221; column_padding_phone=&#8221;inherit&#8221; column_padding_position=&#8221;all&#8221; column_element_direction_desktop=&#8221;default&#8221; column_element_spacing=&#8221;default&#8221; desktop_text_alignment=&#8221;default&#8221; tablet_text_alignment=&#8221;default&#8221; phone_text_alignment=&#8221;default&#8221; background_color_opacity=&#8221;1&#8243; background_hover_color_opacity=&#8221;1&#8243; column_backdrop_filter=&#8221;none&#8221; column_shadow=&#8221;none&#8221; column_border_radius=&#8221;none&#8221; column_link_target=&#8221;_self&#8221; column_position=&#8221;default&#8221; gradient_direction=&#8221;left_to_right&#8221; overlay_strength=&#8221;0.3&#8243; width=&#8221;1\/1&#8243; tablet_width_inherit=&#8221;default&#8221; animation_type=&#8221;default&#8221; bg_image_animation=&#8221;none&#8221; border_type=&#8221;simple&#8221; column_border_width=&#8221;none&#8221; column_border_style=&#8221;solid&#8221;][vc_column_text]\n<h2>\u0130\u00e7erikler i\u00e7in Sorumluluk<\/h2>\n<p>Web sitesindeki kendi i\u00e7eriklerimiz i\u00e7in TMG (Almanya Telemedya Kanunu) Madde 7-1 ve genel h\u00fck\u00fcmlere g\u00f6re bir hizmet sa\u011flay\u0131c\u0131s\u0131 olarak sorumluyuz. TMG 8-10\u2019a g\u00f6re, aktar\u0131lan ve saklanan \u00fc\u00e7\u00fcnc\u00fc ki\u015fi bilgilerini izlemekle ve yasa d\u0131\u015f\u0131 faaliyetler g\u00f6steren durumlar\u0131 ara\u015ft\u0131rmak ile y\u00fck\u00fcml\u00fc de\u011filiz. Fakat genel mevzuata g\u00f6re bilgileri kald\u0131rma ve engelleme y\u00fck\u00fcml\u00fcl\u00fc\u011f\u00fcm\u00fcz sakl\u0131d\u0131r. Bu anlamdaki sorumluluk da ancak yasalar\u0131n somut ihlalini bilme zaman\u0131ndan itibaren ge\u00e7erlidir. Bu ihlalleri \u00f6\u011frenir \u00f6\u011frenmez derhal i\u00e7eri\u011fi kald\u0131r\u0131r\u0131z.<\/p>\n<h2>Linkler i\u00e7in Sorumluluk<\/h2>\n<p>Web sitemiz, i\u00e7erikleri \u00fczerinde hi\u00e7bir etkimiz olmayan \u00fc\u00e7\u00fcnc\u00fc ki\u015filerin d\u0131\u015f web sitelerine linkler i\u00e7erir. Bu d\u0131\u015f i\u00e7erikleri i\u00e7in hi\u00e7bir sorumlulu\u011fumuz yoktur. Linkleri verilmi\u015f web siteleri i\u00e7in sorumluluk her zaman bu web sitelerinin ilgili sa\u011flay\u0131c\u0131lar\u0131 veya i\u015fleticileri olacakt\u0131r. Link verilen sayfalar link verme an\u0131nda muhtemel yasa ihlallerine kar\u015f\u0131 kontrol edilir. Bu anda e\u011fer yasa d\u0131\u015f\u0131 i\u00e7erikler tespit edilemezse, sonradan somut bir ihlal kan\u0131t\u0131 olmadan linki verilmi\u015f sayfalar\u0131n s\u00fcrekli kontrol\u00fc makul de\u011fildir. Yasa ihlallerinin fark\u0131na var\u0131r varmaz bu linkleri derhal kald\u0131r\u0131r\u0131z.<\/p>\n<h2>Telif Hakk\u0131<\/h2>\n<p>Bu web sitesinde web sitesi operat\u00f6rleri taraf\u0131ndan olu\u015fturulan i\u00e7erikler ve yap\u0131lan i\u015fler Alman telif hakk\u0131 kanununa tabidir. Bu materyallerin telif kanunu kapsam\u0131 d\u0131\u015f\u0131nda kopyalanmas\u0131, i\u015flenmesi, da\u011f\u0131t\u0131lmas\u0131 ve herhangi bir \u015fekilde ticarile\u015ftirilmesi bunlar\u0131n sahibinin veya yarat\u0131c\u0131s\u0131n\u0131n \u00f6nceden al\u0131nm\u0131\u015f yaz\u0131l\u0131 r\u0131zas\u0131n\u0131 gerektirir. Bu web sitesinin sayfalar\u0131n\u0131n indirilmesine ve kopyalar\u0131na ancak \u00f6zel, ticari olmayan kullan\u0131m i\u00e7in izin verilir. Bu sitedeki i\u015fletici taraf\u0131ndan olu\u015fturulmayan i\u00e7erikler i\u00e7in \u00fc\u00e7\u00fcnc\u00fc ki\u015filerin teklif haklar\u0131na sayg\u0131 duyulur. Bu i\u00e7eriklerin \u00fc\u00e7\u00fcnc\u00fc ki\u015filere ait oldu\u011fu \u00f6zellikle belirtilir. Buna ra\u011fmen, herhangi bir telif ihlalinin fark\u0131na var\u0131rsan\u0131z, bunu bize bildirmenizi isteriz. Bu ihlallerin fark\u0131na var\u0131r varmaz i\u00e7erikleri derhal kald\u0131r\u0131r\u0131z.[\/vc_column_text][\/vc_column][\/vc_row][vc_row type=&#8221;full_width_background&#8221; full_screen_row_position=&#8221;middle&#8221; column_margin=&#8221;default&#8221; column_direction=&#8221;default&#8221; column_direction_tablet=&#8221;default&#8221; column_direction_phone=&#8221;default&#8221; bg_color=&#8221;#003b55&#8243; scene_position=&#8221;center&#8221; text_color=&#8221;light&#8221; text_align=&#8221;center&#8221; row_border_radius=&#8221;none&#8221; row_border_radius_applies=&#8221;bg&#8221; overflow=&#8221;visible&#8221; overlay_strength=&#8221;0.3&#8243; gradient_direction=&#8221;left_to_right&#8221; shape_divider_color=&#8221;#f7f7f7&#8243; shape_divider_position=&#8221;top&#8221; shape_divider_height=&#8221;200&#8243; bg_image_animation=&#8221;none&#8221; shape_type=&#8221;tilt_alt&#8221; gradient_type=&#8221;default&#8221;][vc_column column_padding=&#8221;padding-10-percent&#8221; column_padding_tablet=&#8221;inherit&#8221; column_padding_phone=&#8221;inherit&#8221; column_padding_position=&#8221;all&#8221; column_element_direction_desktop=&#8221;default&#8221; column_element_spacing=&#8221;default&#8221; desktop_text_alignment=&#8221;default&#8221; tablet_text_alignment=&#8221;default&#8221; phone_text_alignment=&#8221;default&#8221; background_color_opacity=&#8221;1&#8243; background_hover_color_opacity=&#8221;1&#8243; column_backdrop_filter=&#8221;none&#8221; column_shadow=&#8221;none&#8221; column_border_radius=&#8221;none&#8221; column_link_target=&#8221;_self&#8221; column_position=&#8221;default&#8221; gradient_direction=&#8221;left_to_right&#8221; overlay_strength=&#8221;0.3&#8243; width=&#8221;1\/1&#8243; tablet_width_inherit=&#8221;default&#8221; animation_type=&#8221;default&#8221; bg_image_animation=&#8221;none&#8221; border_type=&#8221;simple&#8221; column_border_width=&#8221;none&#8221; column_border_style=&#8221;solid&#8221;][vc_column_text]\n<h3>Daha fazla bilgi<\/h3>\n[\/vc_column_text][nectar_btn size=&#8221;large&#8221; button_style=&#8221;see-through&#8221; button_color_2=&#8221;Accent-Color&#8221; color_override=&#8221;#ffffff&#8221; icon_family=&#8221;default_arrow&#8221; text=&#8221;+90 216 709 71 73&#8243; url=&#8221;tel: +902167097173&#8243; margin_top=&#8221;0&#8243; margin_right=&#8221;10&#8243; margin_bottom=&#8221;0&#8243; margin_left=&#8221;10&#8243;][nectar_btn size=&#8221;large&#8221; button_style=&#8221;regular&#8221; button_color_2=&#8221;Accent-Color&#8221; icon_family=&#8221;default_arrow&#8221; text=&#8221;contact@recalo.com&#8221; url=&#8221;mailto:contact@recalo.com&#8221; margin_top=&#8221;0&#8243; margin_right=&#8221;10&#8243; margin_bottom=&#8221;0&#8243; margin_left=&#8221;10&#8243;][\/vc_column][\/vc_row]\n","protected":false},"excerpt":{"rendered":"<p>[vc_row type=&#8221;full_width_background&#8221; full_screen_row_position=&#8221;middle&#8221; column_margin=&#8221;default&#8221; column_direction=&#8221;default&#8221; column_direction_tablet=&#8221;default&#8221; column_direction_phone=&#8221;default&#8221; bg_color=&#8221;#003b55&#8243; scene_position=&#8221;center&#8221; text_color=&#8221;light&#8221; text_align=&#8221;center&#8221; row_border_radius=&#8221;none&#8221; row_border_radius_applies=&#8221;bg&#8221; overflow=&#8221;visible&#8221; color_overlay=&#8221;#000000&#8243; overlay_strength=&#8221;0.3&#8243; gradient_direction=&#8221;left_to_right&#8221; shape_divider_position=&#8221;bottom&#8221; shape_divider_height=&#8221;200&#8243; bg_image_animation=&#8221;zoom-out-slow&#8221; parallax_bg=&#8221;true&#8221; parallax_bg_speed=&#8221;fast&#8221; shape_type=&#8221;tilt_alt&#8221; gradient_type=&#8221;default&#8221;][vc_column column_padding=&#8221;no-extra-padding&#8221; column_padding_tablet=&#8221;inherit&#8221; column_padding_phone=&#8221;inherit&#8221; column_padding_position=&#8221;all&#8221; top_margin=&#8221;20%&#8221; bottom_margin=&#8221;20%&#8221;&#8230;<\/p>\n","protected":false},"author":1,"featured_media":0,"parent":0,"menu_order":0,"comment_status":"closed","ping_status":"closed","template":"","meta":{"footnotes":""},"class_list":["post-2983","page","type-page","status-publish"],"_links":{"self":[{"href":"https:\/\/recalo.com\/tr\/wp-json\/wp\/v2\/pages\/2983","targetHints":{"allow":["GET"]}}],"collection":[{"href":"https:\/\/recalo.com\/tr\/wp-json\/wp\/v2\/pages"}],"about":[{"href":"https:\/\/recalo.com\/tr\/wp-json\/wp\/v2\/types\/page"}],"author":[{"embeddable":true,"href":"https:\/\/recalo.com\/tr\/wp-json\/wp\/v2\/users\/1"}],"replies":[{"embeddable":true,"href":"https:\/\/recalo.com\/tr\/wp-json\/wp\/v2\/comments?post=2983"}],"version-history":[{"count":7,"href":"https:\/\/recalo.com\/tr\/wp-json\/wp\/v2\/pages\/2983\/revisions"}],"predecessor-version":[{"id":9758,"href":"https:\/\/recalo.com\/tr\/wp-json\/wp\/v2\/pages\/2983\/revisions\/9758"}],"wp:attachment":[{"href":"https:\/\/recalo.com\/tr\/wp-json\/wp\/v2\/media?parent=2983"}],"curies":[{"name":"wp","href":"https:\/\/api.w.org\/{rel}","templated":true}]}}